{"id":2,"date":"2026-03-31T08:36:58","date_gmt":"2026-03-31T08:36:58","guid":{"rendered":"https:\/\/maslimpioautoservicio.rkinformatika.online\/?page_id=2"},"modified":"2026-04-16T07:30:05","modified_gmt":"2026-04-16T07:30:05","slug":"inicio","status":"publish","type":"page","link":"https:\/\/maslimpiolavanderias.com\/eu\/","title":{"rendered":"Hasiera"},"content":{"rendered":"\t\t<div data-elementor-type=\"wp-page\" data-elementor-id=\"2\" class=\"elementor elementor-2\" data-elementor-post-type=\"page\">\n\t\t\t\t<div class=\"elementor-element elementor-element-7ae2f45 e-con-full e-flex e-con e-parent\" data-id=\"7ae2f45\" data-element_type=\"container\" data-e-type=\"container\" data-settings=\"{&quot;background_background&quot;:&quot;slideshow&quot;,&quot;background_slideshow_gallery&quot;:[{&quot;id&quot;:142,&quot;url&quot;:&quot;https:\\\/\\\/maslimpiolavanderias.com\\\/wp-content\\\/uploads\\\/2026\\\/03\\\/rows-of-modern-washing-machines-in-a-store-2026-03-24-05-56-17-utc-scaled.jpg&quot;},{&quot;id&quot;:141,&quot;url&quot;:&quot;https:\\\/\\\/maslimpiolavanderias.com\\\/wp-content\\\/uploads\\\/2026\\\/03\\\/clothes-to-wash-2026-01-09-06-35-33-utc-scaled.jpg&quot;},{&quot;id&quot;:133,&quot;url&quot;:&quot;https:\\\/\\\/maslimpiolavanderias.com\\\/wp-content\\\/uploads\\\/2026\\\/03\\\/using-a-self-service-laundry-machine-in-a-laundrom-2026-03-24-03-18-26-utc-scaled.jpg&quot;}],&quot;background_slideshow_ken_burns&quot;:&quot;yes&quot;,&quot;background_slideshow_loop&quot;:&quot;yes&quot;,&quot;background_slideshow_slide_duration&quot;:5000,&quot;background_slideshow_slide_transition&quot;:&quot;fade&quot;,&quot;background_slideshow_transition_duration&quot;:500,&quot;background_slideshow_ken_burns_zoom_direction&quot;:&quot;in&quot;}\">\n\t\t<div class=\"elementor-element elementor-element-6316553 e-flex e-con-boxed elementor-invisible e-con e-child\" data-id=\"6316553\" data-element_type=\"container\" data-e-type=\"container\" data-settings=\"{&quot;animation&quot;:&quot;fadeInLeft&quot;}\">\n\t\t\t\t\t<div class=\"e-con-inner\">\n\t\t\t\t<div class=\"elementor-element elementor-element-e8502c8 elementor-widget elementor-widget-heading\" data-id=\"e8502c8\" data-element_type=\"widget\" data-e-type=\"widget\" data-widget_type=\"heading.default\">\n\t\t\t\t\t<h2 class=\"elementor-heading-title elementor-size-default\">\u00a1Por una vida m\u00e1s f\u00e1cil!<\/h2>\t\t\t\t<\/div>\n\t\t\t\t\t<\/div>\n\t\t\t\t<\/div>\n\t\t\t\t<\/div>\n\t\t<div class=\"elementor-element elementor-element-3d139f2 e-flex e-con-boxed e-con e-parent\" data-id=\"3d139f2\" data-element_type=\"container\" data-e-type=\"container\" data-settings=\"{&quot;background_background&quot;:&quot;classic&quot;}\">\n\t\t\t\t\t<div class=\"e-con-inner\">\n\t\t<div class=\"elementor-element elementor-element-541cb7e e-con-full e-flex e-con e-child\" data-id=\"541cb7e\" data-element_type=\"container\" data-e-type=\"container\">\n\t\t\t\t\t\t\t\n\t\t<img class=\"e-image-base e-391d67e-84d98a2\" \n\t\t\t\t\tdata-interaction-id=\"391d67e\" \n\t\t \n\t\t data-e-type=\"widget\" data-id=\"391d67e\"\n\t\t\t\t\t\t\t\t\tid=\"182\"\n\t\t\t\t\t\t\t\t\t\t\t\tsrc=\"https:\/\/maslimpiolavanderias.com\/wp-content\/uploads\/2026\/03\/logo.png\"\n\t\t\t\t\t\t\t\t\t\t\t\twidth=\"817\"\n\t\t\t\t\t\t\t\t\t\t\t\theight=\"819\"\n\t\t\t\t\t\t\t\t\t\t\t\tsrcset=\"https:\/\/maslimpiolavanderias.com\/wp-content\/uploads\/2026\/03\/logo.png 817w, https:\/\/maslimpiolavanderias.com\/wp-content\/uploads\/2026\/03\/logo-300x300.png 300w, https:\/\/maslimpiolavanderias.com\/wp-content\/uploads\/2026\/03\/logo-150x150.png 150w, https:\/\/maslimpiolavanderias.com\/wp-content\/uploads\/2026\/03\/logo-768x770.png 768w, https:\/\/maslimpiolavanderias.com\/wp-content\/uploads\/2026\/03\/logo-12x12.png 12w\"\n\t\t\t\t\t\t\t\t\t\t\t\talt=\"\"\n\t\t\t\t\t\t\/>\n\t\t\t\t\t<div class=\"elementor-element elementor-element-34cd82b elementor-widget elementor-widget-text-editor\" data-id=\"34cd82b\" data-element_type=\"widget\" data-e-type=\"widget\" data-widget_type=\"text-editor.default\">\n\t\t\t\t\t\t\t\t\t<p>En Lavander\u00edas Autoservicio M\u00e1s Limpio lo tienes todo para disfrutar de un lavado perfecto: r\u00e1pido, c\u00f3modo y sin complicaciones. T\u00fa decides cu\u00e1ndo realizar tu lavado, mientras que nosotros nos encargamos de garantizar la calidad en cada servicio que ofrecemos.<\/p><p>Con nuestro compromiso por la satisfacci\u00f3n del cliente, cada paso del proceso ha sido dise\u00f1ado para brindarte una experiencia inigualable y sin estr\u00e9s.<\/p>\t\t\t\t\t\t\t\t<\/div>\n\t\t\t\t<\/div>\n\t\t<div class=\"elementor-element elementor-element-2e1bf1f e-con-full e-flex e-con e-child\" data-id=\"2e1bf1f\" data-element_type=\"container\" data-e-type=\"container\">\n\t\t\t\t<div class=\"elementor-element elementor-element-6e6e1f4 elementor-widget elementor-widget-image\" data-id=\"6e6e1f4\" data-element_type=\"widget\" data-e-type=\"widget\" data-widget_type=\"image.default\">\n\t\t\t\t\t\t\t\t\t\t\t\t\t\t\t<img fetchpriority=\"high\" decoding=\"async\" width=\"2560\" height=\"1920\" src=\"https:\/\/maslimpiolavanderias.com\/wp-content\/uploads\/2026\/03\/IMG_0529-Javier-Alonso-Alvarez-scaled.jpeg\" class=\"attachment-full size-full wp-image-148\" alt=\"\" srcset=\"https:\/\/maslimpiolavanderias.com\/wp-content\/uploads\/2026\/03\/IMG_0529-Javier-Alonso-Alvarez-scaled.jpeg 2560w, https:\/\/maslimpiolavanderias.com\/wp-content\/uploads\/2026\/03\/IMG_0529-Javier-Alonso-Alvarez-300x225.jpeg 300w, https:\/\/maslimpiolavanderias.com\/wp-content\/uploads\/2026\/03\/IMG_0529-Javier-Alonso-Alvarez-1024x768.jpeg 1024w, https:\/\/maslimpiolavanderias.com\/wp-content\/uploads\/2026\/03\/IMG_0529-Javier-Alonso-Alvarez-768x576.jpeg 768w, https:\/\/maslimpiolavanderias.com\/wp-content\/uploads\/2026\/03\/IMG_0529-Javier-Alonso-Alvarez-1536x1152.jpeg 1536w, https:\/\/maslimpiolavanderias.com\/wp-content\/uploads\/2026\/03\/IMG_0529-Javier-Alonso-Alvarez-2048x1536.jpeg 2048w, https:\/\/maslimpiolavanderias.com\/wp-content\/uploads\/2026\/03\/IMG_0529-Javier-Alonso-Alvarez-16x12.jpeg 16w\" sizes=\"(max-width: 2560px) 100vw, 2560px\" \/>\t\t\t\t\t\t\t\t\t\t\t\t\t\t\t<\/div>\n\t\t\t\t<\/div>\n\t\t\t\t\t<\/div>\n\t\t\t\t<\/div>\n\t\t<div class=\"elementor-element elementor-element-b458538 e-con-full e-flex e-con e-parent\" data-id=\"b458538\" data-element_type=\"container\" data-e-type=\"container\">\n\t\t\t\t<div class=\"elementor-element elementor-element-f9d5023 elementor-widget elementor-widget-image-carousel\" data-id=\"f9d5023\" data-element_type=\"widget\" data-e-type=\"widget\" data-settings=\"{&quot;navigation&quot;:&quot;none&quot;,&quot;slides_to_show&quot;:&quot;4&quot;,&quot;slides_to_scroll&quot;:&quot;1&quot;,&quot;image_spacing_custom&quot;:{&quot;unit&quot;:&quot;px&quot;,&quot;size&quot;:5,&quot;sizes&quot;:[]},&quot;autoplay&quot;:&quot;yes&quot;,&quot;pause_on_hover&quot;:&quot;yes&quot;,&quot;pause_on_interaction&quot;:&quot;yes&quot;,&quot;autoplay_speed&quot;:5000,&quot;infinite&quot;:&quot;yes&quot;,&quot;speed&quot;:500,&quot;image_spacing_custom_tablet&quot;:{&quot;unit&quot;:&quot;px&quot;,&quot;size&quot;:&quot;&quot;,&quot;sizes&quot;:[]},&quot;image_spacing_custom_mobile&quot;:{&quot;unit&quot;:&quot;px&quot;,&quot;size&quot;:&quot;&quot;,&quot;sizes&quot;:[]}}\" data-widget_type=\"image-carousel.default\">\n\t\t\t\t\t\t\t<div class=\"elementor-image-carousel-wrapper swiper\" role=\"region\" aria-roledescription=\"carousel\" aria-label=\"Carrusel de im\u00e1genes\" dir=\"ltr\">\n\t\t\t<div class=\"elementor-image-carousel swiper-wrapper\" aria-live=\"off\">\n\t\t\t\t\t\t\t\t<div class=\"swiper-slide\" role=\"group\" aria-roledescription=\"slide\" aria-label=\"1 of 4\"><figure class=\"swiper-slide-inner\"><img decoding=\"async\" class=\"swiper-slide-image\" src=\"https:\/\/maslimpiolavanderias.com\/wp-content\/uploads\/elementor\/thumbs\/IMG_0537-Javier-Alonso-Alvarez-scaled-rlbabh4hhqq3u6q22dabzrnd8uetfvtszx0fdyhzmo.jpeg\" alt=\"IMG_0537 - Javier Alonso Alvarez\" \/><\/figure><\/div><div class=\"swiper-slide\" role=\"group\" aria-roledescription=\"slide\" aria-label=\"2 of 4\"><figure class=\"swiper-slide-inner\"><img decoding=\"async\" class=\"swiper-slide-image\" src=\"https:\/\/maslimpiolavanderias.com\/wp-content\/uploads\/elementor\/thumbs\/IMG_0536-Javier-Alonso-Alvarez-scaled-rlbabcfajkjo84wvtt975au29x1zdeb5b9qzzkoyhs.jpeg\" alt=\"IMG_0536 - Javier Alonso Alvarez\" \/><\/figure><\/div><div class=\"swiper-slide\" role=\"group\" aria-roledescription=\"slide\" aria-label=\"3 of 4\"><figure class=\"swiper-slide-inner\"><img decoding=\"async\" class=\"swiper-slide-image\" src=\"https:\/\/maslimpiolavanderias.com\/wp-content\/uploads\/elementor\/thumbs\/IMG_0534-Javier-Alonso-Alvarez-scaled-rlbab7q3led8m33pl982au0razp5awshmmhkl6vxcw.jpeg\" alt=\"IMG_0534 - Javier Alonso Alvarez\" \/><\/figure><\/div><div class=\"swiper-slide\" role=\"group\" aria-roledescription=\"slide\" aria-label=\"4 of 4\"><figure class=\"swiper-slide-inner\"><img decoding=\"async\" class=\"swiper-slide-image\" src=\"https:\/\/maslimpiolavanderias.com\/wp-content\/uploads\/elementor\/thumbs\/IMG_0533-Javier-Alonso-Alvarez-scaled-rlbab30wn86t01ajcp6xgd7gc2cb8f9txz856t2w80.jpeg\" alt=\"IMG_0533 - Javier Alonso Alvarez\" \/><\/figure><\/div>\t\t\t<\/div>\n\t\t\t\t\t\t\t\n\t\t\t\t\t\t\t\t\t<\/div>\n\t\t\t\t\t\t<\/div>\n\t\t\t\t<\/div>\n\t\t<div class=\"elementor-element elementor-element-cd30e16 e-flex e-con-boxed e-con e-parent\" data-id=\"cd30e16\" data-element_type=\"container\" data-e-type=\"container\">\n\t\t\t\t\t<div class=\"e-con-inner\">\n\t\t<div class=\"elementor-element elementor-element-8c011c1 e-con-full e-flex e-con e-child\" data-id=\"8c011c1\" data-element_type=\"container\" data-e-type=\"container\">\n\t\t\t\t<div class=\"elementor-element elementor-element-a083c3c elementor-cta--skin-cover elementor-widget-tablet__width-initial elementor-animated-content elementor-bg-transform elementor-bg-transform-zoom-in elementor-widget elementor-widget-call-to-action\" data-id=\"a083c3c\" data-element_type=\"widget\" data-e-type=\"widget\" data-widget_type=\"call-to-action.default\">\n\t\t\t\t\t\t\t<div class=\"elementor-cta\">\n\t\t\t\t\t<div class=\"elementor-cta__bg-wrapper\">\n\t\t\t\t<div class=\"elementor-cta__bg elementor-bg\" style=\"background-image: url(https:\/\/maslimpiolavanderias.com\/wp-content\/uploads\/2026\/03\/IMG_0538-Javier-Alonso-Alvarez-1024x768.jpeg);\" role=\"img\" aria-label=\"IMG_0538 - Javier Alonso Alvarez\"><\/div>\n\t\t\t\t<div class=\"elementor-cta__bg-overlay\"><\/div>\n\t\t\t<\/div>\n\t\t\t\t\t\t\t<div class=\"elementor-cta__content\">\n\t\t\t\t\n\t\t\t\t\t\t\t\t\t<h2 class=\"elementor-cta__title elementor-cta__content-item elementor-content-item elementor-animated-item--enter-zoom-out\">\n\t\t\t\t\t\t\u00a1Lavado r\u00e1pido, c\u00f3modo y eficaz cuando mejor te venga!\t\t\t\t\t<\/h2>\n\t\t\t\t\n\t\t\t\t\n\t\t\t\t\t\t\t\t\t<div class=\"elementor-cta__button-wrapper elementor-cta__content-item elementor-content-item elementor-animated-item--enter-zoom-out\">\n\t\t\t\t\t<a class=\"elementor-cta__button elementor-button elementor-size-\" href=\"\/servicios\">\n\t\t\t\t\t\tServicios\t\t\t\t\t<\/a>\n\t\t\t\t\t<\/div>\n\t\t\t\t\t\t\t<\/div>\n\t\t\t\t\t\t<\/div>\n\t\t\t\t\t\t<\/div>\n\t\t\t\t<\/div>\n\t\t\t\t\t<\/div>\n\t\t\t\t<\/div>\n\t\t\t\t<\/div>\n\t\t","protected":false},"excerpt":{"rendered":"<p>\u00a1Por una vida m\u00e1s f\u00e1cil! En Lavander\u00edas Autoservicio M\u00e1s Limpio lo tienes todo para disfrutar de un lavado perfecto: r\u00e1pido, c\u00f3modo y sin complicaciones. T\u00fa decides cu\u00e1ndo realizar tu lavado, mientras que nosotros nos encargamos de garantizar la calidad en cada servicio que ofrecemos. Con nuestro compromiso por la satisfacci\u00f3n del cliente, cada paso del [&hellip;]<\/p>\n","protected":false},"author":1,"featured_media":0,"parent":0,"menu_order":0,"comment_status":"closed","ping_status":"closed","template":"elementor_canvas","meta":{"footnotes":""},"class_list":["post-2","page","type-page","status-publish","hentry"],"yoast_head":"<!-- This site is optimized with the Yoast SEO plugin v27.4 - https:\/\/yoast.com\/product\/yoast-seo-wordpress\/ -->\n<title>Inicio - M\u00e1s limpio Lavander\u00edas<\/title>\n<meta name=\"robots\" content=\"index, follow, max-snippet:-1, max-image-preview:large, max-video-preview:-1\" \/>\n<link rel=\"canonical\" href=\"https:\/\/maslimpiolavanderias.com\/eu\/\" \/>\n<meta property=\"og:locale\" content=\"en_US\" \/>\n<meta property=\"og:type\" content=\"article\" \/>\n<meta property=\"og:title\" content=\"Inicio - M\u00e1s limpio Lavander\u00edas\" \/>\n<meta property=\"og:description\" content=\"\u00a1Por una vida m\u00e1s f\u00e1cil! En Lavander\u00edas Autoservicio M\u00e1s Limpio lo tienes todo para disfrutar de un lavado perfecto: r\u00e1pido, c\u00f3modo y sin complicaciones. T\u00fa decides cu\u00e1ndo realizar tu lavado, mientras que nosotros nos encargamos de garantizar la calidad en cada servicio que ofrecemos. Con nuestro compromiso por la satisfacci\u00f3n del cliente, cada paso del [&hellip;]\" \/>\n<meta property=\"og:url\" content=\"https:\/\/maslimpiolavanderias.com\/eu\/\" \/>\n<meta property=\"og:site_name\" content=\"M\u00e1s limpio Lavander\u00edas\" \/>\n<meta property=\"article:modified_time\" content=\"2026-04-16T07:30:05+00:00\" \/>\n<meta property=\"og:image\" content=\"https:\/\/maslimpiolavanderias.com\/wp-content\/uploads\/2026\/03\/logo.png\" \/>\n<meta name=\"twitter:card\" content=\"summary_large_image\" \/>\n<meta name=\"twitter:label1\" content=\"Est. reading time\" \/>\n\t<meta name=\"twitter:data1\" content=\"3 minutua\" \/>\n<script type=\"application\/ld+json\" class=\"yoast-schema-graph\">{\"@context\":\"https:\\\/\\\/schema.org\",\"@graph\":[{\"@type\":\"WebPage\",\"@id\":\"https:\\\/\\\/maslimpiolavanderias.com\\\/\",\"url\":\"https:\\\/\\\/maslimpiolavanderias.com\\\/\",\"name\":\"Inicio - M\u00e1s limpio Lavander\u00edas\",\"isPartOf\":{\"@id\":\"https:\\\/\\\/maslimpiolavanderias.com\\\/#website\"},\"primaryImageOfPage\":{\"@id\":\"https:\\\/\\\/maslimpiolavanderias.com\\\/#primaryimage\"},\"image\":{\"@id\":\"https:\\\/\\\/maslimpiolavanderias.com\\\/#primaryimage\"},\"thumbnailUrl\":\"https:\\\/\\\/maslimpiolavanderias.com\\\/wp-content\\\/uploads\\\/2026\\\/03\\\/logo.png\",\"datePublished\":\"2026-03-31T08:36:58+00:00\",\"dateModified\":\"2026-04-16T07:30:05+00:00\",\"breadcrumb\":{\"@id\":\"https:\\\/\\\/maslimpiolavanderias.com\\\/#breadcrumb\"},\"inLanguage\":\"eu\",\"potentialAction\":[{\"@type\":\"ReadAction\",\"target\":[\"https:\\\/\\\/maslimpiolavanderias.com\\\/\"]}]},{\"@type\":\"ImageObject\",\"inLanguage\":\"eu\",\"@id\":\"https:\\\/\\\/maslimpiolavanderias.com\\\/#primaryimage\",\"url\":\"https:\\\/\\\/maslimpiolavanderias.com\\\/wp-content\\\/uploads\\\/2026\\\/03\\\/logo.png\",\"contentUrl\":\"https:\\\/\\\/maslimpiolavanderias.com\\\/wp-content\\\/uploads\\\/2026\\\/03\\\/logo.png\"},{\"@type\":\"BreadcrumbList\",\"@id\":\"https:\\\/\\\/maslimpiolavanderias.com\\\/#breadcrumb\",\"itemListElement\":[{\"@type\":\"ListItem\",\"position\":1,\"name\":\"Portada\",\"item\":\"https:\\\/\\\/maslimpiolavanderias.com\\\/\"},{\"@type\":\"ListItem\",\"position\":2,\"name\":\"Inicio\"}]},{\"@type\":\"WebSite\",\"@id\":\"https:\\\/\\\/maslimpiolavanderias.com\\\/#website\",\"url\":\"https:\\\/\\\/maslimpiolavanderias.com\\\/\",\"name\":\"M\u00e1s limpio Lavander\u00edas\",\"description\":\"M\u00e1s limpio Lavander\u00edas\",\"publisher\":{\"@id\":\"https:\\\/\\\/maslimpiolavanderias.com\\\/#organization\"},\"potentialAction\":[{\"@type\":\"SearchAction\",\"target\":{\"@type\":\"EntryPoint\",\"urlTemplate\":\"https:\\\/\\\/maslimpiolavanderias.com\\\/?s={search_term_string}\"},\"query-input\":{\"@type\":\"PropertyValueSpecification\",\"valueRequired\":true,\"valueName\":\"search_term_string\"}}],\"inLanguage\":\"eu\"},{\"@type\":\"Organization\",\"@id\":\"https:\\\/\\\/maslimpiolavanderias.com\\\/#organization\",\"name\":\"M\u00e1s limpio Lavander\u00edas\",\"url\":\"https:\\\/\\\/maslimpiolavanderias.com\\\/\",\"logo\":{\"@type\":\"ImageObject\",\"inLanguage\":\"eu\",\"@id\":\"https:\\\/\\\/maslimpiolavanderias.com\\\/#\\\/schema\\\/logo\\\/image\\\/\",\"url\":\"https:\\\/\\\/maslimpiolavanderias.com\\\/wp-content\\\/uploads\\\/2026\\\/03\\\/1-removebg-preview.png\",\"contentUrl\":\"https:\\\/\\\/maslimpiolavanderias.com\\\/wp-content\\\/uploads\\\/2026\\\/03\\\/1-removebg-preview.png\",\"width\":851,\"height\":293,\"caption\":\"M\u00e1s limpio Lavander\u00edas\"},\"image\":{\"@id\":\"https:\\\/\\\/maslimpiolavanderias.com\\\/#\\\/schema\\\/logo\\\/image\\\/\"}}]}<\/script>\n<!-- \/ Yoast SEO plugin. -->","yoast_head_json":{"title":"Inicio - M\u00e1s limpio Lavander\u00edas","robots":{"index":"index","follow":"follow","max-snippet":"max-snippet:-1","max-image-preview":"max-image-preview:large","max-video-preview":"max-video-preview:-1"},"canonical":"https:\/\/maslimpiolavanderias.com\/eu\/","og_locale":"en_US","og_type":"article","og_title":"Inicio - M\u00e1s limpio Lavander\u00edas","og_description":"\u00a1Por una vida m\u00e1s f\u00e1cil! En Lavander\u00edas Autoservicio M\u00e1s Limpio lo tienes todo para disfrutar de un lavado perfecto: r\u00e1pido, c\u00f3modo y sin complicaciones. T\u00fa decides cu\u00e1ndo realizar tu lavado, mientras que nosotros nos encargamos de garantizar la calidad en cada servicio que ofrecemos. Con nuestro compromiso por la satisfacci\u00f3n del cliente, cada paso del [&hellip;]","og_url":"https:\/\/maslimpiolavanderias.com\/eu\/","og_site_name":"M\u00e1s limpio Lavander\u00edas","article_modified_time":"2026-04-16T07:30:05+00:00","og_image":[{"url":"https:\/\/maslimpiolavanderias.com\/wp-content\/uploads\/2026\/03\/logo.png","type":"","width":"","height":""}],"twitter_card":"summary_large_image","twitter_misc":{"Est. reading time":"3 minutua"},"schema":{"@context":"https:\/\/schema.org","@graph":[{"@type":"WebPage","@id":"https:\/\/maslimpiolavanderias.com\/","url":"https:\/\/maslimpiolavanderias.com\/","name":"Inicio - M\u00e1s limpio Lavander\u00edas","isPartOf":{"@id":"https:\/\/maslimpiolavanderias.com\/#website"},"primaryImageOfPage":{"@id":"https:\/\/maslimpiolavanderias.com\/#primaryimage"},"image":{"@id":"https:\/\/maslimpiolavanderias.com\/#primaryimage"},"thumbnailUrl":"https:\/\/maslimpiolavanderias.com\/wp-content\/uploads\/2026\/03\/logo.png","datePublished":"2026-03-31T08:36:58+00:00","dateModified":"2026-04-16T07:30:05+00:00","breadcrumb":{"@id":"https:\/\/maslimpiolavanderias.com\/#breadcrumb"},"inLanguage":"eu","potentialAction":[{"@type":"ReadAction","target":["https:\/\/maslimpiolavanderias.com\/"]}]},{"@type":"ImageObject","inLanguage":"eu","@id":"https:\/\/maslimpiolavanderias.com\/#primaryimage","url":"https:\/\/maslimpiolavanderias.com\/wp-content\/uploads\/2026\/03\/logo.png","contentUrl":"https:\/\/maslimpiolavanderias.com\/wp-content\/uploads\/2026\/03\/logo.png"},{"@type":"BreadcrumbList","@id":"https:\/\/maslimpiolavanderias.com\/#breadcrumb","itemListElement":[{"@type":"ListItem","position":1,"name":"Portada","item":"https:\/\/maslimpiolavanderias.com\/"},{"@type":"ListItem","position":2,"name":"Inicio"}]},{"@type":"WebSite","@id":"https:\/\/maslimpiolavanderias.com\/#website","url":"https:\/\/maslimpiolavanderias.com\/","name":"M\u00e1s limpio Lavander\u00edas","description":"M\u00e1s limpio Lavander\u00edas","publisher":{"@id":"https:\/\/maslimpiolavanderias.com\/#organization"},"potentialAction":[{"@type":"SearchAction","target":{"@type":"EntryPoint","urlTemplate":"https:\/\/maslimpiolavanderias.com\/?s={search_term_string}"},"query-input":{"@type":"PropertyValueSpecification","valueRequired":true,"valueName":"search_term_string"}}],"inLanguage":"eu"},{"@type":"Organization","@id":"https:\/\/maslimpiolavanderias.com\/#organization","name":"M\u00e1s limpio Lavander\u00edas","url":"https:\/\/maslimpiolavanderias.com\/","logo":{"@type":"ImageObject","inLanguage":"eu","@id":"https:\/\/maslimpiolavanderias.com\/#\/schema\/logo\/image\/","url":"https:\/\/maslimpiolavanderias.com\/wp-content\/uploads\/2026\/03\/1-removebg-preview.png","contentUrl":"https:\/\/maslimpiolavanderias.com\/wp-content\/uploads\/2026\/03\/1-removebg-preview.png","width":851,"height":293,"caption":"M\u00e1s limpio Lavander\u00edas"},"image":{"@id":"https:\/\/maslimpiolavanderias.com\/#\/schema\/logo\/image\/"}}]}},"_links":{"self":[{"href":"https:\/\/maslimpiolavanderias.com\/eu\/wp-json\/wp\/v2\/pages\/2","targetHints":{"allow":["GET"]}}],"collection":[{"href":"https:\/\/maslimpiolavanderias.com\/eu\/wp-json\/wp\/v2\/pages"}],"about":[{"href":"https:\/\/maslimpiolavanderias.com\/eu\/wp-json\/wp\/v2\/types\/page"}],"author":[{"embeddable":true,"href":"https:\/\/maslimpiolavanderias.com\/eu\/wp-json\/wp\/v2\/users\/1"}],"replies":[{"embeddable":true,"href":"https:\/\/maslimpiolavanderias.com\/eu\/wp-json\/wp\/v2\/comments?post=2"}],"version-history":[{"count":85,"href":"https:\/\/maslimpiolavanderias.com\/eu\/wp-json\/wp\/v2\/pages\/2\/revisions"}],"predecessor-version":[{"id":400,"href":"https:\/\/maslimpiolavanderias.com\/eu\/wp-json\/wp\/v2\/pages\/2\/revisions\/400"}],"wp:attachment":[{"href":"https:\/\/maslimpiolavanderias.com\/eu\/wp-json\/wp\/v2\/media?parent=2"}],"curies":[{"name":"wp","href":"https:\/\/api.w.org\/{rel}","templated":true}]}}